{"id":27,"date":"2018-09-04T14:50:46","date_gmt":"2018-09-04T14:50:46","guid":{"rendered":"http:\/\/reps-immobilien.de\/?page_id=27"},"modified":"2018-09-05T09:01:54","modified_gmt":"2018-09-05T09:01:54","slug":"start","status":"publish","type":"page","link":"https:\/\/reps-immobilien.de\/","title":{"rendered":"Start"},"content":{"rendered":"<h1>Immobilieninvestments sind unsere Leidenschaft<\/h1>\n<h3>Wir sanieren, reparieren, bauen und r\u00fccken Wohnimmobilien wieder ins rechte Licht.<br \/>\nDabei gehen wir stets auf die Bed\u00fcrfnisse aller Parteien wie Mieter, Verk\u00e4ufer und K\u00e4ufer ein,<br \/>\ndenn im Konsens suchen wir Win-Win-Situationen f\u00fcr alle Beteiligten.<\/h3>\n","protected":false},"excerpt":{"rendered":"<p>Immobilieninvestments sind unsere Leidenschaft Wir sanieren, reparieren, bauen und r\u00fccken Wohnimmobilien wieder ins rechte Licht. Dabei gehen wir stets auf die Bed\u00fcrfnisse aller Parteien wie Mieter, Verk\u00e4ufer und K\u00e4ufer ein, denn im Konsens suchen wir Win-Win-Situationen f\u00fcr alle Beteiligten.<\/p>\n","protected":false},"author":1,"featured_media":0,"parent":0,"menu_order":0,"comment_status":"closed","ping_status":"closed","template":"","meta":{"jetpack_post_was_ever_published":false,"footnotes":""},"tags":[],"jetpack_sharing_enabled":true,"jetpack_shortlink":"https:\/\/wp.me\/PaeAKb-r","jetpack-related-posts":[],"_links":{"self":[{"href":"https:\/\/reps-immobilien.de\/index.php?rest_route=\/wp\/v2\/pages\/27"}],"collection":[{"href":"https:\/\/reps-immobilien.de\/index.php?rest_route=\/wp\/v2\/pages"}],"about":[{"href":"https:\/\/reps-immobilien.de\/index.php?rest_route=\/wp\/v2\/types\/page"}],"author":[{"embeddable":true,"href":"https:\/\/reps-immobilien.de\/index.php?rest_route=\/wp\/v2\/users\/1"}],"replies":[{"embeddable":true,"href":"https:\/\/reps-immobilien.de\/index.php?rest_route=%2Fwp%2Fv2%2Fcomments&post=27"}],"version-history":[{"count":6,"href":"https:\/\/reps-immobilien.de\/index.php?rest_route=\/wp\/v2\/pages\/27\/revisions"}],"predecessor-version":[{"id":43,"href":"https:\/\/reps-immobilien.de\/index.php?rest_route=\/wp\/v2\/pages\/27\/revisions\/43"}],"wp:attachment":[{"href":"https:\/\/reps-immobilien.de\/index.php?rest_route=%2Fwp%2Fv2%2Fmedia&parent=27"}],"wp:term":[{"taxonomy":"post_tag","embeddable":true,"href":"https:\/\/reps-immobilien.de\/index.php?rest_route=%2Fwp%2Fv2%2Ftags&post=27"}],"curies":[{"name":"wp","href":"https:\/\/api.w.org\/{rel}","templated":true}]}}